{"id":160,"date":"2023-08-09T08:23:46","date_gmt":"2023-08-09T08:23:46","guid":{"rendered":"http:\/\/jijenikkraamzorg.nl\/?page_id=160"},"modified":"2023-08-09T08:24:21","modified_gmt":"2023-08-09T08:24:21","slug":"160-2","status":"publish","type":"page","link":"https:\/\/jijenikkraamzorg.nl\/index.php\/160-2\/","title":{"rendered":"Algemene voorwaarden"},"content":{"rendered":"\n<div class=\"wp-block-group alignfull has-global-padding is-layout-constrained wp-block-group-is-layout-constrained\">\n<div class=\"wp-block-group alignfull has-base-color has-text-color has-background is-content-justification-space-between is-layout-flex wp-container-core-group-is-layout-3 wp-block-group-is-layout-flex\" style=\"background-color:#be93ce;padding-top:var(--wp--preset--spacing--30);padding-right:var(--wp--preset--spacing--30);padding-bottom:var(--wp--preset--spacing--30);padding-left:var(--wp--preset--spacing--30)\">\n<div class=\"wp-block-group is-layout-flex wp-container-core-group-is-layout-2 wp-block-group-is-layout-flex\"><div class=\"is-default-size is-style-rounded is-style-rounded--61804182b2985c093ed43e5c52f8f56c wp-block-site-logo\"><a href=\"https:\/\/jijenikkraamzorg.nl\/\" class=\"custom-logo-link\" rel=\"home\"><img loading=\"lazy\" decoding=\"async\" width=\"602\" height=\"602\" src=\"https:\/\/jijenikkraamzorg.nl\/wp-content\/uploads\/2023\/07\/kz-logo.png\" class=\"custom-logo\" alt=\"Jij &amp; Ik Kraamzorg\" srcset=\"https:\/\/jijenikkraamzorg.nl\/wp-content\/uploads\/2023\/07\/kz-logo.png 602w, https:\/\/jijenikkraamzorg.nl\/wp-content\/uploads\/2023\/07\/kz-logo-300x300.png 300w, https:\/\/jijenikkraamzorg.nl\/wp-content\/uploads\/2023\/07\/kz-logo-150x150.png 150w\" sizes=\"(max-width: 602px) 100vw, 602px\" \/><\/a><\/div>\n\n\n<div class=\"wp-block-group is-vertical is-layout-flex wp-container-core-group-is-layout-1 wp-block-group-is-layout-flex\"><h1 class=\"has-link-color wp-elements-04a78ec1f9fd656910b32730504c1bf8 wp-block-site-title has-text-color has-base-color has-medium-font-size\"><a href=\"https:\/\/jijenikkraamzorg.nl\" target=\"_self\" rel=\"home\">Jij &amp; Ik Kraamzorg<\/a><\/h1><\/div>\n<\/div>\n\n\n<nav class=\"is-responsive items-justified-right wp-block-navigation is-content-justification-right is-layout-flex wp-container-core-navigation-is-layout-1 wp-block-navigation-is-layout-flex\" aria-label=\"Navigation 7\" \n\t\t data-wp-interactive=\"core\/navigation\" data-wp-context='{\"overlayOpenedBy\":{\"click\":false,\"hover\":false,\"focus\":false},\"type\":\"overlay\",\"roleAttribute\":\"\",\"ariaLabel\":\"Menu\"}'><button aria-haspopup=\"dialog\" aria-label=\"Open menu\" class=\"wp-block-navigation__responsive-container-open \" \n\t\t\t\tdata-wp-on-async--click=\"actions.openMenuOnClick\"\n\t\t\t\tdata-wp-on--keydown=\"actions.handleMenuKeydown\"\n\t\t\t><svg width=\"24\" height=\"24\" xmlns=\"http:\/\/www.w3.org\/2000\/svg\" viewBox=\"0 0 24 24\" aria-hidden=\"true\" focusable=\"false\"><rect x=\"4\" y=\"7.5\" width=\"16\" height=\"1.5\" \/><rect x=\"4\" y=\"15\" width=\"16\" height=\"1.5\" \/><\/svg><\/button>\n\t\t\t\t<div class=\"wp-block-navigation__responsive-container  \"  id=\"modal-1\" \n\t\t\t\tdata-wp-class--has-modal-open=\"state.isMenuOpen\"\n\t\t\t\tdata-wp-class--is-menu-open=\"state.isMenuOpen\"\n\t\t\t\tdata-wp-watch=\"callbacks.initMenu\"\n\t\t\t\tdata-wp-on--keydown=\"actions.handleMenuKeydown\"\n\t\t\t\tdata-wp-on-async--focusout=\"actions.handleMenuFocusout\"\n\t\t\t\ttabindex=\"-1\"\n\t\t\t>\n\t\t\t\t\t<div class=\"wp-block-navigation__responsive-close\" tabindex=\"-1\">\n\t\t\t\t\t\t<div class=\"wp-block-navigation__responsive-dialog\" \n\t\t\t\tdata-wp-bind--aria-modal=\"state.ariaModal\"\n\t\t\t\tdata-wp-bind--aria-label=\"state.ariaLabel\"\n\t\t\t\tdata-wp-bind--role=\"state.roleAttribute\"\n\t\t\t>\n\t\t\t\t\t\t\t<button aria-label=\"Close menu\" class=\"wp-block-navigation__responsive-container-close\" \n\t\t\t\tdata-wp-on-async--click=\"actions.closeMenuOnClick\"\n\t\t\t><svg xmlns=\"http:\/\/www.w3.org\/2000\/svg\" viewBox=\"0 0 24 24\" width=\"24\" height=\"24\" aria-hidden=\"true\" focusable=\"false\"><path d=\"M13 11.8l6.1-6.3-1-1-6.1 6.2-6.1-6.2-1 1 6.1 6.3-6.5 6.7 1 1 6.5-6.6 6.5 6.6 1-1z\"><\/path><\/svg><\/button>\n\t\t\t\t\t\t\t<div class=\"wp-block-navigation__responsive-container-content\" \n\t\t\t\tdata-wp-watch=\"callbacks.focusFirstElement\"\n\t\t\t id=\"modal-1-content\">\n\t\t\t\t\t\t\t\t<ul class=\"wp-block-navigation__container is-responsive items-justified-right wp-block-navigation\"><li class=\" wp-block-navigation-item wp-block-navigation-link\"><a class=\"wp-block-navigation-item__content\"  href=\"http:\/\/jijenikkraamzorg.nl\/index.php\/home\/\"><span class=\"wp-block-navigation-item__label\">Home<\/span><\/a><\/li><li class=\" wp-block-navigation-item wp-block-navigation-link\"><a class=\"wp-block-navigation-item__content\"  href=\"http:\/\/jijenikkraamzorg.nl\/index.php\/kraamzorg\/\"><span class=\"wp-block-navigation-item__label\">Kraamzorg<\/span><\/a><\/li><li class=\" wp-block-navigation-item wp-block-navigation-link\"><a class=\"wp-block-navigation-item__content\"  href=\"http:\/\/jijenikkraamzorg.nl\/index.php\/over-ons\/\"><span class=\"wp-block-navigation-item__label\">Over ons<\/span><\/a><\/li><li class=\" wp-block-navigation-item wp-block-navigation-link\"><a class=\"wp-block-navigation-item__content\"  href=\"http:\/\/jijenikkraamzorg.nl\/index.php\/english\/\"><span class=\"wp-block-navigation-item__label\">English<\/span><\/a><\/li><li class=\" wp-block-navigation-item wp-block-navigation-link\"><a class=\"wp-block-navigation-item__content\"  href=\"http:\/\/jijenikkraamzorg.nl\/index.php\/inschrijven\/\"><span class=\"wp-block-navigation-item__label\">Inschrijven<\/span><\/a><\/li><li class=\" wp-block-navigation-item wp-block-navigation-link\"><a class=\"wp-block-navigation-item__content\"  href=\"http:\/\/jijenikkraamzorg.nl\/index.php\/contact\/\"><span class=\"wp-block-navigation-item__label\">Contact<\/span><\/a><\/li><\/ul>\n\t\t\t\t\t\t\t<\/div>\n\t\t\t\t\t\t<\/div>\n\t\t\t\t\t<\/div>\n\t\t\t\t<\/div><\/nav><\/div>\n\n\n\n<div class=\"wp-block-cover alignfull is-light\" style=\"margin-top:0;min-height:319px;aspect-ratio:unset;\"><span aria-hidden=\"true\" class=\"wp-block-cover__background has-black-background-color has-background-dim-0 has-background-dim\"><\/span><img loading=\"lazy\" decoding=\"async\" width=\"2048\" height=\"1365\" class=\"wp-block-cover__image-background wp-image-112\" alt=\"\" src=\"http:\/\/jijenikkraamzorg.nl\/wp-content\/uploads\/2023\/07\/baby-1.jpg\" style=\"object-position:45% 62%\" data-object-fit=\"cover\" data-object-position=\"45% 62%\" srcset=\"https:\/\/jijenikkraamzorg.nl\/wp-content\/uploads\/2023\/07\/baby-1.jpg 2048w, https:\/\/jijenikkraamzorg.nl\/wp-content\/uploads\/2023\/07\/baby-1-300x200.jpg 300w, https:\/\/jijenikkraamzorg.nl\/wp-content\/uploads\/2023\/07\/baby-1-1024x683.jpg 1024w, https:\/\/jijenikkraamzorg.nl\/wp-content\/uploads\/2023\/07\/baby-1-768x512.jpg 768w, https:\/\/jijenikkraamzorg.nl\/wp-content\/uploads\/2023\/07\/baby-1-1536x1024.jpg 1536w\" sizes=\"(max-width: 2048px) 100vw, 2048px\" \/><div class=\"wp-block-cover__inner-container is-layout-flow wp-block-cover-is-layout-flow\">\n<div style=\"height:50px\" aria-hidden=\"true\" class=\"wp-block-spacer\"><\/div>\n<\/div><\/div>\n<\/div>\n\n\n\n<p><strong>&nbsp;Leveringsvoorwaarden Jij en Ik Kraamzorg<\/strong><\/p>\n\n\n\n<p>Deze voorwaarden zijn van toepassing op de door Jij en Ik Kraamzorg afgesloten zorgovereenkomsten. Inschrijving vindt plaats door middel van ondertekening door de cli\u00ebnt op het vastgestelde inschrijfformulier van Jij en Ik Kraamzorg. Met het inschrijfformulier worden deze algemene voorwaarden aan de cli\u00ebnt overhandigd.<\/p>\n\n\n\n<p><strong>Te leveren zorg<\/strong><\/p>\n\n\n\n<ul class=\"wp-block-list\">\n<li>Jij en Ik Kraamzorg biedt zorg op maat. Bij aanvang van de zorg wordt met de cli\u00ebnt overlegd hoe de ge\u00efndiceerde uren worden verdeeld en wat de specifieke wensen zijn. Na twee en vijf dagen zal dit ge\u00ebvalueerd worden.<\/li>\n\n\n\n<li>Het maximaal aantal uren te leveren zorg wordt, in overleg met cli\u00ebnt, bepaald op basis van het Landelijk Indicatieprotocol.<\/li>\n\n\n\n<li>Minimale zorg afname per zorg dag is 3 uur (m.u.v. couveuse nazorg).<\/li>\n\n\n\n<li>Prioriteit voor kraamverzorgende is de zorg voor moeder en kind. Huishoudelijke taken zijn hieraan ondergeschikt.<\/li>\n\n\n\n<li>Indien en voor een goede uitvoering van de overeenkomst dit vereist, heeft Jij en Ik &nbsp;Kraamzorg, het recht werkzaamheden te laten verrichten door een derde.<\/li>\n<\/ul>\n\n\n\n<p>Jij en Ik Kraamzorg doet haar uiterste best de zorg zelf en naar behoren te leveren. Mocht dit onverhoopt niet lukken, dan zullen de overige teamleden van Jij en Ik Kraamzorg of van een collega-kraamzorgbureau als achterwacht fungeren. Op deze wijze bent u bij Jij en Ik Kraamzorg altijd verzekerd van goede zorg.\u00a0\u00a0\u00a0\u00a0\u00a0\u00a0\u00a0\u00a0\u00a0\u00a0<\/p>\n\n\n\n<ul class=\"wp-block-list\">\n<li>Jij en Ik\u00a0Kraamzorg probeert te zorgen voor \u00e9\u00e9n en dezelfde kraamverzorgende in de gehele kraamtijd. Mocht er toch een wisseling plaatsvinden, dan zorgen de kraamverzorgende onderling altijd voor een goede kennisoverdracht.<\/li>\n\n\n\n<li>De geleverde uren zorg die niet door de verzekeraar worden vergoed worden rechtstreeks aan de cli\u00ebnt in rekening gebracht.<\/li>\n\n\n\n<li>Alle cli\u00ebnten betalen een wettelijk bepaalde eigen bijdrage. Afhankelijk van de aanvullende verzekering van de cli\u00ebnt kan dit bedrag geheel of gedeeltelijk terug gevraagd worden bij de verzekering.<\/li>\n<\/ul>\n\n\n\n<p><strong>ARBO-richtlijnen (Arbeid Omstandigheden Wet)<\/strong><\/p>\n\n\n\n<ul class=\"wp-block-list\">\n<li>&nbsp;Jij en Ik &nbsp;Kraamzorg werkt volgens de ARBO-richtlijnen.<\/li>\n\n\n\n<li>Werklocatie en werkomstandigheden moeten veilig en werkbaar zijn. Indien dit niet het geval is kan de zorg worden stopgezet.<\/li>\n\n\n\n<li>Bij een thuisbevalling en tijdens de kraamtijd moet het bed van de kraamvrouw op een minimale werkhoogte van 70cm en maximale werkhoogte van 90 cm worden gebracht. Wanneer hieraan niet wordt voldaan, kan de zorgverlening beperkt worden.<\/li>\n\n\n\n<li>Er dient warm, stromend water aanwezig te zijn op de etage waar de kraamvrouw en de baby worden verzorgd.<\/li>\n<\/ul>\n\n\n\n<p><strong>Vervoer<\/strong><\/p>\n\n\n\n<ul class=\"wp-block-list\">\n<li>&nbsp;Als de kraamverzorgende bij haar verzekeringsmaatschappij een inzittendenverzekering heeft afgesloten, mag ze gebruik maken van haar eigen auto ten behoeve van het gezin.<\/li>\n\n\n\n<li>Bij gebruik van eigen auto worden de gereden kilometers bij het gezin in rekening gebracht ad \u20ac 0,19 per km.<\/li>\n\n\n\n<li>\u00a0Jij en Ik Kraamzorg maakt geen gebruik van de auto van de cli\u00ebnt. Indien er, op verzoek van de cli\u00ebnt, wel gebruik wordt gemaakt van de auto, dan geschiedt dit volledig op risico van de cli\u00ebnt. Jij en Ik Kraamzorg kan niet aansprakelijk worden gesteld bij eventuele schade.<\/li>\n<\/ul>\n\n\n\n<p><strong>Tarieven<\/strong><\/p>\n\n\n\n<ul class=\"wp-block-list\">\n<li>De maximale tarieven voor kraamzorg worden jaarlijks vastgesteld door de Nederlandse Zorgautoriteit.<\/li>\n<\/ul>\n\n\n\n<p><strong>Annulering<\/strong><\/p>\n\n\n\n<ul class=\"wp-block-list\">\n<li>Een annulering kan alleen schriftelijk worden ingediend.<\/li>\n\n\n\n<li>Bij annulering worden in ieder geval de gemaakte kosten ad \u20ac 75, &#8211; in rekening gebracht. Bij annulering op medische gronden worden er geen kosten in rekening gebracht.<\/li>\n<\/ul>\n\n\n\n<p><strong>Betaling<\/strong><\/p>\n\n\n\n<ul class=\"wp-block-list\">\n<li>De cli\u00ebnt is in eigen persoon verantwoordelijk voor de tijdige voldoening van de geldelijke verplichting voortvloeiend uit de overeenkomst met<\/li>\n\n\n\n<li>\u00a0Jij en Ik Kraamzorg. Een eventuele zorgverzekeraar is geen partij in deze overeenkomst.<\/li>\n\n\n\n<li>De betalingstermijn van Jij en Ik &nbsp;Kraamzorg, die ingaat op de datum die vermeld staat op de factuur, is 14 dagen. Na de termijn van 14 dagen zullen wij wettelijke rente in rekening brengen.<\/li>\n\n\n\n<li>Bij het niet tijdig voldoen van een openstaande nota zijn wij gemachtigd tot incasso over te gaan en zullen wij alle daarmee verband houdende kosten en rente met een minimum van \u20ac 22,50 op de cli\u00ebnt verhalen. Indien Jij en Ik &nbsp;Kraamzorg, om welke reden dan ook, van de ziektekostenverzekeraar geen uitkering ontvangt, dient de cli\u00ebnt alsnog het volledige verzorgingsbedrag aan Jij en Ik &nbsp;Kraamzorg te betalen.<\/li>\n<\/ul>\n\n\n\n<p><strong>Ongewenst gedrag<\/strong><\/p>\n\n\n\n<ul class=\"wp-block-list\">\n<li>Onder ongewenst gedrag wordt discriminatie, excessief alcohol- en drugsgebruik, (dreiging met) geweld, dwang, gevaarlijke huisdieren of seksuele intimidatie verstaan.<\/li>\n\n\n\n<li>Bij ongewenst gedrag wordt de zorg direct gestaakt.<\/li>\n<\/ul>\n\n\n\n<p><strong>Aansprakelijkheid<\/strong><\/p>\n\n\n\n<ul class=\"wp-block-list\">\n<li>Er mag door kraamverzorgende alleen gewerkt worden met deugdelijke apparatuur.<\/li>\n<\/ul>\n\n\n\n<ul class=\"wp-block-list\">\n<li>Jij en Ik &nbsp;Kraamzorg is niet aansprakelijk voor schade aan materi\u00eble zaken die door de kraamverzorgende is veroorzaakt tenzij er sprake is van opzet of bewuste roekeloosheid aansluitingen en deugdelijke materialen (zoals kruiken).<\/li>\n\n\n\n<li>&nbsp;Schade door ondeugdelijke apparatuur of materialen wordt niet vergoed.<\/li>\n\n\n\n<li>Een melding van schade dient binnen 48 uur, na afronding van de kraamzorg, schriftelijk te geschieden bij het kantoor van Jij en Ik &nbsp;Kraamzorg.<\/li>\n\n\n\n<li>Kleine schades tot \u20ac 100, &#8211; als gevolg van onachtzaamheid tijdens de normale uitvoering van de zorg zijn voor rekening en risico van de cli\u00ebnt.<\/li>\n<\/ul>\n\n\n\n<p><strong>Verstrekking volmachten<\/strong><\/p>\n\n\n\n<ul class=\"wp-block-list\">\n<li>Kraamverzorgende mogen geen gebruik maken van bankpassen, codes en\/of creditcards van de cli\u00ebnt. Bij overtreding hiervan is Jij en Ik Kraamzorg niet aansprakelijk voor enigerlei schade.<\/li>\n<\/ul>\n\n\n\n<p><strong>Klachten<\/strong><\/p>\n\n\n\n<ul class=\"wp-block-list\">\n<li>Een cli\u00ebnt kan een klacht binnen 7 dagen na be\u00ebindiging van zorg schriftelijk indienen bij de directie van Jij en Ik Kraamzorg. Wij zullen er alles aan doen om, samen met u, een correcte verwerking en oplossing voor de klacht te vinden.<\/li>\n<\/ul>\n\n\n\n<p><strong>Geheimhouding &amp; Privacy<\/strong><\/p>\n\n\n\n<ul class=\"wp-block-list\">\n<li>Kraamverzorgende hebben een beroepsgeheim.<\/li>\n\n\n\n<li>De registratie van persoonsgegevens wordt strikt vertrouwelijk behandeld.<\/li>\n<\/ul>\n\n\n\n<p>Contactgegevens:<\/p>\n\n\n\n<p>Jij en Ik Kraamzorg<\/p>\n\n\n\n<p>T.a.v. Najat Kariouh<\/p>\n\n\n\n<p>Achterweg 2 F<\/p>\n\n\n\n<p>3191 VA Hoogvliet<\/p>\n\n\n\n<p>06 \u2013 24980678<\/p>\n\n\n\n<p><a href=\"mailto:info@jijenikkraamzorg.nl\">info@jijenikkraamzorg.nl<\/a><\/p>\n\n\n\n<p><a href=\"http:\/\/jijenikkraamzorg.nl\">www.jijenikkraamzorg.nl<\/a><\/p>\n\n\n\n<p>Jij en Ik Kraamzorg staat ingeschreven bij de kamer koophandel onder KvK nr. : 24424011.<\/p>\n\n\n\n<div class=\"wp-block-group alignfull has-text-color has-background is-layout-flow wp-block-group-is-layout-flow\" style=\"color:#000000;background-color:#ffffff\">\n<p class=\"has-text-align-center has-small-font-size\" style=\"line-height:.9\"><\/p>\n\n\n\n<h2 class=\"wp-block-heading has-text-align-center has-text-color\" id=\"schedule-a-visit\" style=\"color:#be93ce;font-size:clamp(32.969px, 2.061rem + ((1vw - 3.2px) * 2.958), 59px);px;line-height:1.15\">Direct inschrijven?<\/h2>\n\n\n\n<div class=\"wp-block-buttons is-horizontal is-content-justification-center is-layout-flex wp-container-core-buttons-is-layout-1 wp-block-buttons-is-layout-flex\">\n<div class=\"wp-block-button has-custom-width wp-block-button__width-50\"><a class=\"wp-block-button__link has-text-color has-background wp-element-button\" href=\"https:\/\/jijenikkraamzorg.mijngeboortezorg.nl\/aanvragen\/kraamzorg?mode=frame\" style=\"border-radius:50px;color:#ffffff;background-color:#be93ce\">Inschrijven<\/a><\/div>\n<\/div>\n\n\n\n<div style=\"height:64px\" aria-hidden=\"true\" class=\"wp-block-spacer\"><\/div>\n<\/div>\n\n\n\n<div class=\"wp-block-group alignfull has-background-color has-white-color has-text-color has-background has-link-color wp-elements-d494c677df5fa3fd0415607170993efd has-global-padding is-content-justification-center is-layout-constrained wp-container-core-group-is-layout-7 wp-block-group-is-layout-constrained\" style=\"background-color:#be93ce;min-height:0vh;margin-top:0;margin-bottom:0;padding-top:var(--wp--preset--spacing--30);padding-right:var(--wp--preset--spacing--30);padding-bottom:0;padding-left:var(--wp--preset--spacing--30)\">\n<div class=\"wp-block-columns alignwide has-small-font-size is-layout-flex wp-container-core-columns-is-layout-1 wp-block-columns-is-layout-flex\">\n<div class=\"wp-block-column is-layout-flow wp-block-column-is-layout-flow\">\n<p class=\"has-text-align-center\">Jij &amp; Ik Kraamzorg<\/p>\n\n\n\n<p class=\"has-text-align-center\">Achterweg 2F,&nbsp;<br>3191 VA, Hoogvliet Rotterdam<br>info@jijenikkraamzorg.nl<\/p>\n\n\n\n<p class=\"has-text-align-center\">+31&nbsp;6&nbsp;28498116 (spoed)<\/p>\n<\/div>\n\n\n\n<div class=\"wp-block-column is-layout-flow wp-block-column-is-layout-flow\">\n<p class=\"has-text-align-center\"><\/p>\n\n\n<nav class=\"has-small-font-size items-justified-center is-vertical no-wrap wp-block-navigation has-small-font-size is-content-justification-center is-nowrap is-layout-flex wp-container-core-navigation-is-layout-2 wp-block-navigation-is-layout-flex\" aria-label=\"Navigation\"><ul class=\"wp-block-navigation__container has-small-font-size items-justified-center is-vertical no-wrap wp-block-navigation has-small-font-size\"><li class=\"has-small-font-size wp-block-navigation-item wp-block-navigation-link\"><a class=\"wp-block-navigation-item__content\"  href=\"http:\/\/jijenikkraamzorg.nl\/index.php\/home\/\"><span class=\"wp-block-navigation-item__label\">Home<\/span><\/a><\/li><li class=\"has-small-font-size wp-block-navigation-item wp-block-navigation-link\"><a class=\"wp-block-navigation-item__content\"  href=\"http:\/\/jijenikkraamzorg.nl\/index.php\/over-ons\/\"><span class=\"wp-block-navigation-item__label\">Over ons<\/span><\/a><\/li><li class=\"has-small-font-size wp-block-navigation-item wp-block-navigation-link\"><a class=\"wp-block-navigation-item__content\"  href=\"http:\/\/jijenikkraamzorg.nl\/index.php\/kraamzorg\/\"><span class=\"wp-block-navigation-item__label\">Kraamzorg<\/span><\/a><\/li><li class=\"has-small-font-size wp-block-navigation-item wp-block-navigation-link\"><a class=\"wp-block-navigation-item__content\"  href=\"http:\/\/jijenikkraamzorg.nl\/index.php\/english\/\"><span class=\"wp-block-navigation-item__label\">English<\/span><\/a><\/li><li class=\"has-small-font-size wp-block-navigation-item wp-block-navigation-link\"><a class=\"wp-block-navigation-item__content\"  href=\"http:\/\/jijenikkraamzorg.nl\/index.php\/inschrijven\/\"><span class=\"wp-block-navigation-item__label\">Inschrijven<\/span><\/a><\/li><li class=\"has-small-font-size wp-block-navigation-item wp-block-navigation-link\"><a class=\"wp-block-navigation-item__content\"  href=\"http:\/\/jijenikkraamzorg.nl\/index.php\/contact\/\"><span class=\"wp-block-navigation-item__label\">Contact<\/span><\/a><\/li><li class=\"has-small-font-size wp-block-navigation-item wp-block-navigation-link\"><a class=\"wp-block-navigation-item__content\"  href=\"http:\/\/jijenikkraamzorg.nl\/index.php\/160-2\/\"><span class=\"wp-block-navigation-item__label\">Algemene voorwaarden<\/span><\/a><\/li><li class=\"has-small-font-size wp-block-navigation-item wp-block-navigation-link\"><a class=\"wp-block-navigation-item__content\"  href=\"http:\/\/jijenikkraamzorg.nl\/index.php\/privacy-policy\/\"><span class=\"wp-block-navigation-item__label\">Privacy Regelement<\/span><\/a><\/li><li class=\"has-small-font-size wp-block-navigation-item wp-block-navigation-link\"><a class=\"wp-block-navigation-item__content\"  href=\"http:\/\/jijenikkraamzorg.nl\/index.php\/klachtenregeling\/\"><span class=\"wp-block-navigation-item__label\">Klachtenregeling<\/span><\/a><\/li><\/ul><\/nav>\n\n\n<div style=\"height:24px\" aria-hidden=\"true\" class=\"wp-block-spacer\"><\/div>\n<\/div>\n\n\n\n<div class=\"wp-block-column is-layout-flow wp-block-column-is-layout-flow\">\n<p class=\"has-text-align-center\">Volg ons<\/p>\n\n\n\n<div class=\"wp-block-group is-vertical is-content-justification-center is-layout-flex wp-container-core-group-is-layout-6 wp-block-group-is-layout-flex\">\n<p><a href=\"https:\/\/www.facebook.com\/jijenikkraamzorg\">Facebook<\/a><\/p>\n\n\n\n<p><a href=\"https:\/\/www.instagram.com\/jijenik_kraamzorg\/\">Instagram<\/a><\/p>\n\n\n\n<p><\/p>\n<\/div>\n<\/div>\n<\/div>\n<\/div>\n","protected":false},"excerpt":{"rendered":"<p>&nbsp;Leveringsvoorwaarden Jij en Ik Kraamzorg Deze voorwaarden zijn van toepassing op de door Jij en Ik Kraamzorg afgesloten zorgovereenkomsten. Inschrijving vindt plaats door middel van ondertekening door de cli\u00ebnt op het vastgestelde inschrijfformulier van Jij en Ik Kraamzorg. Met het inschrijfformulier worden deze algemene voorwaarden aan de cli\u00ebnt overhandigd. Te leveren zorg Jij en Ik [&hellip;]<\/p>\n","protected":false},"author":2,"featured_media":0,"parent":0,"menu_order":0,"comment_status":"closed","ping_status":"closed","template":"","meta":{"footnotes":""},"class_list":["post-160","page","type-page","status-publish","hentry"],"_links":{"self":[{"href":"https:\/\/jijenikkraamzorg.nl\/index.php\/wp-json\/wp\/v2\/pages\/160"}],"collection":[{"href":"https:\/\/jijenikkraamzorg.nl\/index.php\/wp-json\/wp\/v2\/pages"}],"about":[{"href":"https:\/\/jijenikkraamzorg.nl\/index.php\/wp-json\/wp\/v2\/types\/page"}],"author":[{"embeddable":true,"href":"https:\/\/jijenikkraamzorg.nl\/index.php\/wp-json\/wp\/v2\/users\/2"}],"replies":[{"embeddable":true,"href":"https:\/\/jijenikkraamzorg.nl\/index.php\/wp-json\/wp\/v2\/comments?post=160"}],"version-history":[{"count":2,"href":"https:\/\/jijenikkraamzorg.nl\/index.php\/wp-json\/wp\/v2\/pages\/160\/revisions"}],"predecessor-version":[{"id":164,"href":"https:\/\/jijenikkraamzorg.nl\/index.php\/wp-json\/wp\/v2\/pages\/160\/revisions\/164"}],"wp:attachment":[{"href":"https:\/\/jijenikkraamzorg.nl\/index.php\/wp-json\/wp\/v2\/media?parent=160"}],"curies":[{"name":"wp","href":"https:\/\/api.w.org\/{rel}","templated":true}]}}